{"id":81,"date":"2018-10-24T07:11:45","date_gmt":"2018-10-24T07:11:45","guid":{"rendered":"https:\/\/GEH.computer-nordhessen.de\/?page_id=81"},"modified":"2025-11-13T15:16:10","modified_gmt":"2025-11-13T15:16:10","slug":"datenschutz","status":"publish","type":"page","link":"https:\/\/goldene-elf-hofgeismar.de\/?page_id=81","title":{"rendered":"Impressum"},"content":{"rendered":"\n<p class=\"wp-block-paragraph\"><strong>Disclaimer:<br>Hyperlinks auf dieser Website k\u00f6nnen zu anderen Websites f\u00fchren, die nicht von der Goldene Elf Hofgeismar KG gepflegt werden. F\u00fcr den Inhalt dieser Seiten \u00fcbernimmt die Goldene Elf Hofgeismar KG keine Haftung oder Verantwortung. Ein Link zu einer externen Website ist keine Garantie f\u00fcr deren Inhalte oder deren angebotene Leistungen. Jegliche Nutzung der Informationen die auf der Website zur Verf\u00fcgung stehen, oder auf anderen Websites die mit ihr verlinkt sind, geschieht auf eigenes Risiko.<br>F\u00fcr die Nutzung dieser Website gelten die nachfolgenden Bedingungen und alle anwendbaren Gesetze. Durch den Zugriff auf diese Seite erkennen Sie die nachfolgenden Bedingungen uneingeschr\u00e4nkt an. Wenn nicht anderweitig geregelt, sind die Inhalte dieser Website einschlie\u00dflich, aber nicht begrenzt auf darin enthaltene Texte und Abbildungen und deren Anordnung, Eigentum der Goldene Elf Hofgeismar KG. Alle eingetragenen Warenzeichen, die auf dieser Website verwendet werden, sind Eigentum der jeweiligen Inhaber. F\u00fcr Preise und Angebote sind die jeweiligen Anbieter verantwortlich.<br>Diese Website und der zur Verf\u00fcgung gestellte Inhalt inklusive, aber nicht begrenzt auf grafische Elemente, Ton, Bild und HTML-Quellcode, Schaltfl\u00e4chen und Text, d\u00fcrfen nicht ohne vorherige schriftliche Erlaubnis der Goldene Elf Hofgeismar KG in irgendeiner Form kopiert, reproduziert, neu aufgelegt, online-gestellt, bekanntgegeben, \u00fcbertragen oder verteilt werden. Eine Ausnahme bildet das Herunterladen von Daten auf einen einzelnen Computer f\u00fcr den privaten, nicht-kommerziellen Gebrauch, vorausgesetzt, dass das Material in keiner Weise ver\u00e4ndert wird und alle Copyrights, Warenzeichen und sonstige Eigentumskennzeichnungen erhalten bleiben. Die Daten und Texte, die auf dieser Website zur Verf\u00fcgung gestellt werden, sind kostenlos und dienen ausschlie\u00dflich zu Informationszwecken. Eine Nutzung der Informationen zieht keine gesch\u00e4ftliche Bindung zwischen Ihnen und der Goldene Elf Hofgeismar KG nach sich.<br>Die Goldene Elf Hofgeismar KG betreibt diese Website in Deutschland. Den Nutzungsbedingungen und s\u00e4mtlichen Rechtsverfahren liegt das deutsche Recht zugrunde.<\/strong><\/p>\n\n\n\n<p class=\"wp-block-paragraph\">Die Europ\u00e4ische Kommission stellt eine Plattform zur Online-Streitbeilegung (OS) bereit:&nbsp;<a rel=\"noreferrer noopener\" href=\"https:\/\/ec.europa.eu\/consumers\/odr\" target=\"_blank\">https:\/\/ec.europa.eu\/consumers\/odr<\/a>.<br>Unsere E-Mail-Adresse finden Sie oben im Impressum.<\/p>\n\n\n\n<p class=\"wp-block-paragraph\">Wir sind nicht bereit oder verpflichtet, an Streitbeilegungsverfahren vor einer Verbraucherschlichtungsstelle teilzunehmen.<\/p>\n\n\n\n<p class=\"wp-block-paragraph\">Haftung f\u00fcr Inhalte<\/p>\n\n\n\n<p class=\"wp-block-paragraph\">Als Diensteanbieter sind wir gem\u00e4\u00df \u00a7 7 Abs.1 TMG f\u00fcr eigene Inhalte auf diesen Seiten nach den allgemeinen Gesetzen verantwortlich. Nach \u00a7\u00a7 8 bis 10 TMG sind wir als Diensteanbieter jedoch nicht verpflichtet, \u00fcbermittelte oder gespeicherte fremde Informationen zu \u00fcberwachen oder nach Umst\u00e4nden zu forschen, die auf eine rechtswidrige T\u00e4tigkeit hinweisen.<\/p>\n\n\n\n<p class=\"wp-block-paragraph\">Verpflichtungen zur Entfernung oder Sperrung der Nutzung von Informationen nach den allgemeinen Gesetzen bleiben hiervon unber\u00fchrt. Eine diesbez\u00fcgliche Haftung ist jedoch erst ab dem Zeitpunkt der Kenntnis einer konkreten Rechtsverletzung m\u00f6glich. Bei Bekanntwerden von entsprechenden Rechtsverletzungen werden wir diese Inhalte umgehend entfernen.<\/p>\n\n\n\n<p class=\"wp-block-paragraph\">Haftung f\u00fcr Links<\/p>\n\n\n\n<p class=\"wp-block-paragraph\">Unser Angebot enth\u00e4lt Links zu externen Websites Dritter, auf deren Inhalte wir keinen Einfluss haben. Deshalb k\u00f6nnen wir f\u00fcr diese fremden Inhalte auch keine Gew\u00e4hr \u00fcbernehmen. F\u00fcr die Inhalte der verlinkten Seiten ist stets der jeweilige Anbieter oder Betreiber der Seiten verantwortlich. Die verlinkten Seiten wurden zum Zeitpunkt der Verlinkung auf m\u00f6gliche Rechtsverst\u00f6\u00dfe \u00fcberpr\u00fcft. Rechtswidrige Inhalte waren zum Zeitpunkt der Verlinkung nicht erkennbar.<\/p>\n\n\n\n<p class=\"wp-block-paragraph\">Eine permanente inhaltliche Kontrolle der verlinkten Seiten ist jedoch ohne konkrete Anhaltspunkte einer Rechtsverletzung nicht zumutbar. Bei Bekanntwerden von Rechtsverletzungen werden wir derartige Links umgehend entfernen.<\/p>\n\n\n\n<p class=\"wp-block-paragraph\">Urheberrecht<\/p>\n\n\n\n<p class=\"wp-block-paragraph\">Die durch die Seitenbetreiber erstellten Inhalte und Werke auf diesen Seiten unterliegen dem deutschen Urheberrecht. Die Vervielf\u00e4ltigung, Bearbeitung, Verbreitung und jede Art der Verwertung au\u00dferhalb der Grenzen des Urheberrechtes bed\u00fcrfen der schriftlichen Zustimmung des jeweiligen Autors bzw. Erstellers. Downloads und Kopien dieser Seite sind nur f\u00fcr den privaten, nicht kommerziellen Gebrauch gestattet.<\/p>\n\n\n\n<p class=\"wp-block-paragraph\">Soweit die Inhalte auf dieser Seite nicht vom Betreiber erstellt wurden, werden die Urheberrechte Dritter beachtet. Insbesondere werden Inhalte Dritter als solche gekennzeichnet. Sollten Sie trotzdem auf eine Urheberrechtsverletzung aufmerksam werden, bitten wir um einen entsprechenden Hinweis. Bei Bekanntwerden von Rechtsverletzungen werden wir derartige Inhalte umgehend entfernen.<\/p>\n\n\n\n<p class=\"wp-block-paragraph\">Quelle:&nbsp;<a href=\"https:\/\/www.e-recht24.de\/\">https:\/\/www.e-recht24.de<\/a><\/p>\n\n\n\n<p class=\"has-text-align-center has-very-dark-gray-color has-text-color wp-block-paragraph\"><strong>Hinweise zum Datenschutz:<br><\/strong><\/p>\n\n\n\n<ul class=\"wp-block-list\">\n<li>auf Best\u00e4tigung, ob sie betreffende Daten verarbeitet werden, auf Auskunft \u00fcber die verarbeiteten Daten, auf weitere Informationen \u00fcber die Datenverarbeitung sowie auf Kopien der Daten (vgl. auch Art. 15 DSGVO);<\/li>\n\n\n\n<li>auf Berichtigung oder Vervollst\u00e4ndigung unrichtiger bzw. unvollst\u00e4ndiger Daten (vgl. auch Art. 16 DSGVO);<\/li>\n\n\n\n<li>auf unverz\u00fcgliche L\u00f6schung der sie betreffenden Daten (vgl. auch Art. 17 DSGVO), oder, alternativ, soweit eine weitere Verarbeitung gem\u00e4\u00df Art. 17 Abs. 3 DSGVO erforderlich ist, auf Einschr\u00e4nkung der Verarbeitung nach Ma\u00dfgabe von Art. 18 DSGVO;<\/li>\n\n\n\n<li>auf Erhalt der sie betreffenden und von ihnen bereitgestellten Daten und auf \u00dcbermittlung dieser Daten an andere Anbieter\/Verantwortliche (vgl. auch Art. 20 DSGVO);<\/li>\n\n\n\n<li>auf Beschwerde gegen\u00fcber der Aufsichtsbeh\u00f6rde, sofern sie der Ansicht sind, dass die sie betreffenden Daten durch den Anbieter unter Versto\u00df gegen datenschutzrechtliche Bestimmungen verarbeitet werden (vgl. auch Art. 77 DSGVO).<\/li>\n<\/ul>\n\n\n\n<p class=\"wp-block-paragraph\">Dar\u00fcber hinaus ist der Anbieter dazu verpflichtet, alle Empf\u00e4nger, denen gegen\u00fcber Daten durch den Anbieter offengelegt worden sind, \u00fcber jedwede Berichtigung oder L\u00f6schung von Daten oder die Einschr\u00e4nkung der Verarbeitung, die aufgrund der Artikel 16, 17 Abs. 1, 18 DSGVO erfolgt, zu unterrichten. Diese Verpflichtung besteht jedoch nicht, soweit diese Mitteilung unm\u00f6glich oder mit einem unverh\u00e4ltnism\u00e4\u00dfigen Aufwand verbunden ist. Unbeschadet dessen hat der Nutzer ein Recht auf Auskunft \u00fcber diese Empf\u00e4nger.<\/p>\n\n\n\n<p class=\"wp-block-paragraph\"><strong>Ebenfalls haben die Nutzer und Betroffenen nach Art. 21 DSGVO das Recht auf Widerspruch gegen die k\u00fcnftige Verarbeitung der sie betreffenden Daten, sofern die Daten durch den Anbieter nach Ma\u00dfgabe von Art. 6 Abs. 1 lit. f) DSGVO verarbeitet werden. Insbesondere ist ein Widerspruch gegen die Datenverarbeitung zum Zwecke der Direktwerbung statthaft.<\/strong><\/p>\n\n\n\n<p class=\"has-text-align-center has-very-dark-gray-color has-text-color wp-block-paragraph\"><strong><br>\u00a9 Goldene Elf Hofgeismar, 2008<\/strong><\/p>\n\n\n\n<ul class=\"wp-block-list has-very-dark-gray-color has-text-color\">\n<li><strong>1. Vorsitzender&nbsp;&nbsp;&nbsp;<\/strong><\/li>\n\n\n\n<li><strong>&nbsp;&nbsp;&nbsp; Christian Stark<\/strong><\/li>\n\n\n\n<li> <strong>34369 Hofgeismar<\/strong><\/li>\n\n\n\n<li>  Kelzer Ring 34&#8230;..<\/li>\n<\/ul>\n\n\n\n<p class=\"wp-block-paragraph\"><strong>Datenschutzbeauftragte&nbsp;&nbsp;&nbsp;<br>&nbsp;&nbsp;&nbsp; Michael Schapiro&nbsp;&nbsp;&nbsp;<br>&nbsp;&nbsp;&nbsp; 34369 Hofgeismar<\/strong><\/p>\n\n\n\n<p class=\"wp-block-paragraph\"><\/p>\n\n\n\n<p class=\"has-very-dark-gray-color has-text-color wp-block-paragraph\"><\/p>\n","protected":false},"excerpt":{"rendered":"<p>Disclaimer:Hyperlinks auf dieser Website k\u00f6nnen zu anderen Websites f\u00fchren, die nicht von der Goldene Elf Hofgeismar KG gepflegt werden. F\u00fcr den Inhalt dieser Seiten \u00fcbernimmt die Goldene Elf Hofgeismar KG keine Haftung oder Verantwortung. Ein Link zu einer externen Website &hellip; <a href=\"https:\/\/goldene-elf-hofgeismar.de\/?page_id=81\">Weiterlesen <span class=\"meta-nav\">&rarr;<\/span><\/a><\/p>\n","protected":false},"author":1,"featured_media":0,"parent":0,"menu_order":0,"comment_status":"closed","ping_status":"closed","template":"","meta":{"_crdt_document":"","footnotes":""},"class_list":["post-81","page","type-page","status-publish","hentry"],"_links":{"self":[{"href":"https:\/\/goldene-elf-hofgeismar.de\/index.php?rest_route=\/wp\/v2\/pages\/81","targetHints":{"allow":["GET"]}}],"collection":[{"href":"https:\/\/goldene-elf-hofgeismar.de\/index.php?rest_route=\/wp\/v2\/pages"}],"about":[{"href":"https:\/\/goldene-elf-hofgeismar.de\/index.php?rest_route=\/wp\/v2\/types\/page"}],"author":[{"embeddable":true,"href":"https:\/\/goldene-elf-hofgeismar.de\/index.php?rest_route=\/wp\/v2\/users\/1"}],"replies":[{"embeddable":true,"href":"https:\/\/goldene-elf-hofgeismar.de\/index.php?rest_route=%2Fwp%2Fv2%2Fcomments&post=81"}],"version-history":[{"count":15,"href":"https:\/\/goldene-elf-hofgeismar.de\/index.php?rest_route=\/wp\/v2\/pages\/81\/revisions"}],"predecessor-version":[{"id":3608,"href":"https:\/\/goldene-elf-hofgeismar.de\/index.php?rest_route=\/wp\/v2\/pages\/81\/revisions\/3608"}],"wp:attachment":[{"href":"https:\/\/goldene-elf-hofgeismar.de\/index.php?rest_route=%2Fwp%2Fv2%2Fmedia&parent=81"}],"curies":[{"name":"wp","href":"https:\/\/api.w.org\/{rel}","templated":true}]}}