{"id":9,"date":"2018-10-23T11:29:50","date_gmt":"2018-10-23T11:29:50","guid":{"rendered":"https:\/\/GEH.computer-nordhessen.de\/?page_id=9"},"modified":"2025-06-30T19:54:15","modified_gmt":"2025-06-30T19:54:15","slug":"ueber-mich","status":"publish","type":"page","link":"https:\/\/goldene-elf-hofgeismar.de\/?page_id=9","title":{"rendered":"Das sind wir"},"content":{"rendered":"<div id=\"main_content\">\n<div id=\"c8\" class=\"csc-default\">\n<div class=\"csc-textpic csc-textpic-right csc-textpic-above csc-textpic-equalheight\">\n<div class=\"csc-textpic-text\">\n<div id=\"main_content\">\n<div id=\"c8\" class=\"csc-default\">\n<div class=\"csc-textpic csc-textpic-right csc-textpic-above csc-textpic-equalheight\">\n<div class=\"csc-textpic-text\">\n<h3 style=\"text-align: left;\"><span style=\"color: #000000;\"><strong><i>\u00a0\u00a0\u00a0\u00a0\u00a0\u00a0\u00a0\u00a0\u00a0\u00a0\u00a0\u00a0\u00a0\u00a0\u00a0\u00a0\u00a0\u00a0\u00a0\u00a0\u00a0\u00a0\u00a0 Null Bock auf Verein? <\/i><img loading=\"lazy\" decoding=\"async\" class=\"wp-image-30  alignleft\" style=\"margin: 7px 30px; outline: #72777c solid 1px; border: 0px none #333333; height: 111px; text-align: left; text-transform: none; text-indent: 0px; letter-spacing: normal; clear: both; font-size: 17px; font-style: normal; font-variant: normal; font-weight: 400; text-decoration: none; word-spacing: 0px; vertical-align: middle; display: block; white-space: normal; max-width: 660px; -webkit-text-stroke-width: 0px; background-color: transparent;\" src=\"https:\/\/goldene-elf-hofgeismar.de\/wp-content\/uploads\/2018\/10\/goldene-Elf-transparent-300x203.png\" alt=\"Goldene Elf Hofgeismar, Logo\" width=\"155\" height=\"203\" \/><\/strong><\/span><\/h3>\n<p class=\"bodytext\"><span style=\"color: #000000;\"><strong><i>Vereine sind ungef\u00e4hr so trendy wie die Batik-Shirts, Schachspielen und Tollen-Frisuren. Jeder wei\u00df ganz genau, wie furchtbar es ist, irgendwo Mitglied zu sein. muffige Pflichttreffen, uralte Mitglieder, Tagesordnungen &#8211; das ist schlimm. Wissen komischerweise genau die am Besten, die noch nie dabei waren.<\/i><\/strong><\/span><\/p>\n<p class=\"bodytext\"><span style=\"color: #000000;\"><strong><i>Schade, denn sie verpassen was &#8211; zumindest bei der Goldenen Elf Hofgeismar. Denn die hat so einige gute Gr\u00fcnde zu bieten, die auch Vereinsmuffel umstimmen k\u00f6nnen:<\/i><\/strong><\/span><\/p>\n<p class=\"bodytext\"><span style=\"color: #000000;\"><strong><i>Bei der Goldene Elf Hofgeismar wird man nicht nur ein k\u00fcmmerliches Mitglied, nein Ihre Meinung ist sofort gefragt, frische Meinungen sind uns wichtig. <\/i><\/strong><\/span><\/p>\n<p class=\"bodytext\"><span style=\"color: #000000;\"><strong><i>Bei der Goldene Elf Hofgeismar kann sich jeder aktiv einbringen. Muss er aber nicht. Bei uns wei\u00df jeder, dass gerade J\u00fcngere im Beruf schon genug zu tun haben. Darum wird keiner gefordert &#8211; sondern gef\u00f6rdert. Die \u00e4lteren Mitglieder stehen jederzeit parat, wen<\/i><i>n tatkr\u00e4ftige Hilfe gefragt ist. <\/i><\/strong><\/span><\/p>\n<p class=\"bodytext\"><span style=\"color: #000000;\"><strong><i>Die Goldene Elf Hofgeismar ist absolut untrendy &#8211; und das aus \u00dcberzeugung. <\/i><\/strong><\/span><\/p>\n<p class=\"bodytext\"><span style=\"color: #000000;\"><strong><i>Bei uns macht die Tradition den Charme aus. Aber auch f\u00fcr neue Ideen sind wir zu haben. <\/i><\/strong><\/span><\/p>\n<p class=\"bodytext\"><span style=\"color: #000000;\"><strong><i>Die Goldene Elf Hofgeismar veranstaltet auch au\u00dferhalb der Session immer wieder sch\u00f6ne Feste und Events f\u00fcr Mitglieder, Familien und Freunde. <\/i><\/strong><\/span><\/p>\n<p class=\"bodytext\"><span style=\"color: #000000;\"><strong><i>H\u00f6rt sich richtig furchtbar an, oder? \u00a0 Dann k\u00f6nnen Sie ja jetzt Mitglied bei der Goldene Elf Hofgeismar werden.<\/i><\/strong><\/span><\/p>\n<p class=\"bodytext\"><span style=\"color: #000000;\"><strong><i>Den Aufnahme-Antrag gibt es beim<\/i><\/strong><\/span><\/p>\n<p class=\"bodytext\"><span style=\"color: #000000;\"><strong><i>1. Vorsitzender<br \/>\n<\/i><\/strong><\/span><span style=\"color: #000000;\"><strong><i>Christian Stark<\/i><\/strong><\/span><\/p>\n<p><strong>powerstark@gmx.de<\/strong><\/p>\n<p class=\"bodytext\"><span style=\"color: #000000;\"><strong><i>Noch Fragen? Eine kurze Mail, an die Goldene Elf Hofgeismar, hilft weiter.<\/i><\/strong><\/span><\/p>\n<p class=\"bodytext\"><span style=\"color: #000000;\"><a style=\"color: #000000;\" href=\"mailto:info@Goldene-Elf-Hofgeismar.de\"><strong><i>info@Goldene-Elf-Hofgeismar.de<\/i><\/strong><\/a><\/span><\/p>\n<\/div>\n<\/div>\n<div class=\"csc-textpic-clear\"><\/div>\n<\/div>\n<\/div>\n<div id=\"sidebar\"><\/div>\n<div><\/div>\n<\/div>\n<\/div>\n<\/div>\n<\/div>\n","protected":false},"excerpt":{"rendered":"<p>\u00a0\u00a0\u00a0\u00a0\u00a0\u00a0\u00a0\u00a0\u00a0\u00a0\u00a0\u00a0\u00a0\u00a0\u00a0\u00a0\u00a0\u00a0\u00a0\u00a0\u00a0\u00a0\u00a0 Null Bock auf Verein? Vereine sind ungef\u00e4hr so trendy wie die Batik-Shirts, Schachspielen und Tollen-Frisuren. Jeder wei\u00df ganz genau, wie furchtbar es ist, irgendwo Mitglied zu sein. muffige Pflichttreffen, uralte Mitglieder, Tagesordnungen &#8211; das ist schlimm. Wissen komischerweise genau &hellip; <a href=\"https:\/\/goldene-elf-hofgeismar.de\/?page_id=9\">Weiterlesen <span class=\"meta-nav\">&rarr;<\/span><\/a><\/p>\n","protected":false},"author":2,"featured_media":0,"parent":0,"menu_order":0,"comment_status":"open","ping_status":"closed","template":"","meta":{"_crdt_document":"","footnotes":""},"class_list":["post-9","page","type-page","status-publish","hentry"],"_links":{"self":[{"href":"https:\/\/goldene-elf-hofgeismar.de\/index.php?rest_route=\/wp\/v2\/pages\/9","targetHints":{"allow":["GET"]}}],"collection":[{"href":"https:\/\/goldene-elf-hofgeismar.de\/index.php?rest_route=\/wp\/v2\/pages"}],"about":[{"href":"https:\/\/goldene-elf-hofgeismar.de\/index.php?rest_route=\/wp\/v2\/types\/page"}],"author":[{"embeddable":true,"href":"https:\/\/goldene-elf-hofgeismar.de\/index.php?rest_route=\/wp\/v2\/users\/2"}],"replies":[{"embeddable":true,"href":"https:\/\/goldene-elf-hofgeismar.de\/index.php?rest_route=%2Fwp%2Fv2%2Fcomments&post=9"}],"version-history":[{"count":14,"href":"https:\/\/goldene-elf-hofgeismar.de\/index.php?rest_route=\/wp\/v2\/pages\/9\/revisions"}],"predecessor-version":[{"id":3579,"href":"https:\/\/goldene-elf-hofgeismar.de\/index.php?rest_route=\/wp\/v2\/pages\/9\/revisions\/3579"}],"wp:attachment":[{"href":"https:\/\/goldene-elf-hofgeismar.de\/index.php?rest_route=%2Fwp%2Fv2%2Fmedia&parent=9"}],"curies":[{"name":"wp","href":"https:\/\/api.w.org\/{rel}","templated":true}]}}